{"id":9449,"date":"2025-07-09T12:49:14","date_gmt":"2025-07-09T10:49:14","guid":{"rendered":"https:\/\/sklep.amu.edu.pl\/?post_type=product&#038;p=9449"},"modified":"2026-04-26T08:58:47","modified_gmt":"2026-04-26T06:58:47","slug":"kubek-boleslawiec","status":"publish","type":"product","link":"https:\/\/sklep.amu.edu.pl\/en\/produkt\/kubek-boleslawiec\/","title":{"rendered":"Kubek Boles\u0142awiec niebieski"},"content":{"rendered":"<p>R\u0119cznie wykonany kubek ze znanej i cenionej na ca\u0142ym \u015bwiecie polskiej manufaktury \u2013 Zak\u0142ad\u00f3w Ceramicznych \u201eBOLES\u0141AWIEC\u201d.<br \/>\nDekoracja A-1394A zosta\u0142a opracowana na wy\u0142\u0105czno\u015b\u0107 Uniwersytetu im. Adama Mickiewicza w Poznaniu, na podstawie oryginalnego wzoru \u201eBotanica\u201d, zaprojektowanego dla UAM przez pozna\u0144sk\u0105 artystk\u0119 Ann\u0119 Zi\u0119tkiewicz.<\/p>\n<p>Zak\u0142ady Ceramiczne \u201eBOLES\u0141AWIEC\u201d<br \/>\nModel kubka: 911<br \/>\nDekoracja: A-1394A<br \/>\nPojemno\u015b\u0107: 320 ml<\/p>\n<p>KOLEKCJA BOTANICA<br \/>\nDoskona\u0142o\u015b\u0107 z natury<br \/>\nOzdobny motyw botaniczny inspirowany winobluszczem porastaj\u0105cym po\u0142udniow\u0105 \u015bcian\u0119 Auli UAM \u2013 znany i lubiany element pozna\u0144skiego krajobrazu.<br \/>\nWinobluszcz pi\u0119ciolistkowy (Parthenocissus quinquefolia) to pi\u0119kne pn\u0105cze o delikatnej, zwiewnej urodzie, ale ogromnym wigorze, imponuj\u0105cej sile wzrostu i niez\u0142omnej woli przetrwania. Rozwija si\u0119 w ka\u017cdych warunkach i nieust\u0119pliwie pnie si\u0119 do szczytu, pokonuj\u0105c wszelkie napotkane przeszkody. Wci\u0105\u017c si\u0119 zmienia. Urzeka w ka\u017cdej ods\u0142onie. Jak Uniwersytet.<\/p>\n<p>Projektantka: Anna Zi\u0119tkiewicz<\/p>\n","protected":false},"excerpt":{"rendered":"<p>R\u0119cznie wykonany kubek ze znanej i cenionej na ca\u0142ym \u015bwiecie polskiej manufaktury \u2013 Zak\u0142ad\u00f3w Ceramicznych \u201eBOLES\u0141AWIEC\u201d.<br \/>\nDekoracja A-1394A zosta\u0142a opracowana na wy\u0142\u0105czno\u015b\u0107 Uniwersytetu im. Adama Mickiewicza w Poznaniu, na podstawie oryginalnego wzoru \u201eBotanica\u201d, zaprojektowanego dla UAM przez pozna\u0144sk\u0105 artystk\u0119 Ann\u0119 Zi\u0119tkiewicz.<\/p>\n<p>Zak\u0142ady Ceramiczne \u201eBOLES\u0141AWIEC\u201d<br \/>\nModel kubka: 911<br \/>\nDekoracja: A-1394A<br \/>\nPojemno\u015b\u0107: 320 ml<\/p>\n","protected":false},"featured_media":9464,"template":"","meta":{"inline_featured_image":false},"_links":{"self":[{"href":"https:\/\/sklep.amu.edu.pl\/en\/wp-json\/wp\/v2\/product\/9449\/"}],"collection":[{"href":"https:\/\/sklep.amu.edu.pl\/en\/wp-json\/wp\/v2\/product\/"}],"about":[{"href":"https:\/\/sklep.amu.edu.pl\/en\/wp-json\/wp\/v2\/types\/product\/"}],"wp:featuredmedia":[{"embeddable":true,"href":"https:\/\/sklep.amu.edu.pl\/en\/wp-json\/wp\/v2\/media\/9464\/"}],"wp:attachment":[{"href":"https:\/\/sklep.amu.edu.pl\/en\/wp-json\/wp\/v2\/media\/?parent=9449"}],"curies":[{"name":"wp","href":"https:\/\/api.w.org\/{rel}","templated":true}]}}