{"id":2789,"date":"2019-04-02T08:53:12","date_gmt":"2019-04-02T06:53:12","guid":{"rendered":"https:\/\/sklep.amu.edu.pl\/?post_type=product&#038;p=2789"},"modified":"2023-05-24T09:05:00","modified_gmt":"2023-05-24T07:05:00","slug":"jubileuszowy-pendrive-8gb","status":"publish","type":"product","link":"https:\/\/sklep.amu.edu.pl\/en\/produkt\/jubileuszowy-pendrive-8gb\/","title":{"rendered":"Jubileuszowy pendrive 8GB"},"content":{"rendered":"<p>Szukasz sposobu by pomie\u015bci\u0107 wszelkie potrzebne informacje w jednym miejscu? Notatki, CV czy mo\u017ce pisan\u0105 w\u0142a\u015bnie ksi\u0105\u017ck\u0119? Na UAM-ie nic nie jest niemo\u017cliwe! Pami\u0119\u0107 absolutna w jednym ma\u0142ym urz\u0105dzeniu z logiem 100-lecia Uniwersytetu Pozna\u0144skiego, koniecznie musi znale\u017a\u0107 si\u0119 w twoim wyposa\u017ceniu. Absolutny must have KA\u017bDEGO roku akademickiego!<\/p>\n","protected":false},"excerpt":{"rendered":"<p>Szukasz sposobu by pomie\u015bci\u0107 wszelkie potrzebne informacje w jednym miejscu? Notatki, CV czy mo\u017ce pisan\u0105 w\u0142a\u015bnie ksi\u0105\u017ck\u0119? Na UAM-ie nic nie jest niemo\u017cliwe! Pami\u0119\u0107 absolutna w jednym ma\u0142ym urz\u0105dzeniu z logiem 100-lecia Uniwersytetu Pozna\u0144skiego, koniecznie musi znale\u017a\u0107 si\u0119 w twoim wyposa\u017ceniu. Absolutny must have KA\u017bDEGO roku akademickiego!<\/p>\n","protected":false},"featured_media":2790,"template":"","meta":{"inline_featured_image":false},"_links":{"self":[{"href":"https:\/\/sklep.amu.edu.pl\/en\/wp-json\/wp\/v2\/product\/2789\/"}],"collection":[{"href":"https:\/\/sklep.amu.edu.pl\/en\/wp-json\/wp\/v2\/product\/"}],"about":[{"href":"https:\/\/sklep.amu.edu.pl\/en\/wp-json\/wp\/v2\/types\/product\/"}],"wp:featuredmedia":[{"embeddable":true,"href":"https:\/\/sklep.amu.edu.pl\/en\/wp-json\/wp\/v2\/media\/2790\/"}],"wp:attachment":[{"href":"https:\/\/sklep.amu.edu.pl\/en\/wp-json\/wp\/v2\/media\/?parent=2789"}],"curies":[{"name":"wp","href":"https:\/\/api.w.org\/{rel}","templated":true}]}}