{"id":2644,"date":"2019-01-17T08:16:45","date_gmt":"2019-01-17T07:16:45","guid":{"rendered":"https:\/\/sklep.amu.edu.pl\/?post_type=product&#038;p=2644"},"modified":"2024-09-06T08:25:58","modified_gmt":"2024-09-06T06:25:58","slug":"pojde-twoim-sladem-ryszard-cwirlej","status":"publish","type":"product","link":"https:\/\/sklep.amu.edu.pl\/en\/produkt\/pojde-twoim-sladem-ryszard-cwirlej\/","title":{"rendered":"&#8220;P\u00f3jd\u0119 twoim \u015bladem&#8221; Ryszard \u0106wirlej"},"content":{"rendered":"<p>Nagroda Wielkiego Kalibru i Nagroda Czytelnik\u00f3w Wielkiego Kalibru 2018!<\/p>\n<p>Wiosna roku 1919. Porucznik Antoni Fischer, weteran armii pruskiej i uczestnik Powstania Wielkopolskiego, wraca do Poznania. Oddelegowany z frontu powsta\u0144czego ma zaj\u0105\u0107 si\u0119 organizacj\u0105 i tworzeniem w mie\u015bcie polskiej policji. Ju\u017c w kilka godzin po przyje\u017adzie do miasta Fischer staje przed pierwszym w swojej karierze wyzwaniem \u015bledczym.<\/p>\n<p>W budynku dawnej Kr\u00f3lewskiej Akademii Niemieckiej (obecnie Collegium Minus), w kt\u00f3rym w\u0142a\u015bnie powstaje Pozna\u0144ski Uniwersytet, pracownicy natrafiaj\u0105 na zw\u0142oki nocnego str\u00f3\u017ca. Wszystko wskazuje na samob\u00f3jstwo \u2013 twierdzi wezwany na miejsce lekarz, wi\u0119c sprawa powinna zosta\u0107 czym pr\u0119dzej zamkni\u0119ta. Jednak Fischera co\u015b w tym samob\u00f3jstwie niepokoi. Postanawia przyjrze\u0107 si\u0119 sprawie dok\u0142adniej. Szybko okazuje si\u0119 \u017ce m\u0142ody policjant, bez \u015bledczego do\u015bwiadczenia, musi rozwi\u0105za\u0107 zagadk\u0119, z kt\u00f3r\u0105 nie poradzi\u0142oby sobie wielu jego bardziej do\u015bwiadczonych koleg\u00f3w.<\/p>\n<p><em>P\u00f3jd\u0119 twoim \u015bladem<\/em> to czwarta powie\u015b\u0107 niezwykle popularnego cyklu krymina\u0142\u00f3w, kt\u00f3rej bohaterem jest komisarz Antoni Fischer. Tym razem Ryszard \u0106wirlej ods\u0142ania przed czytelnikami tajemnic\u0119 pierwszego \u015bledztwa prowadzonego przez pozna\u0144skiego policjanta, \u015bledztwa kt\u00f3re toczy si\u0119 w chwili gdy trwaj\u0105 jeszcze walki na frontach Powstania Wielkopolskiego a w Poznaniu\u00a0trwaj\u0105\u00a0przygotowania do otwarcie pierwszej polskiej uczelni uniwersyteckiej &#8211; Wszechnicy Piastowskiej.<\/p>\n<p>KRYMINA\u0141 RETRO NAJWY\u017bSZEJ KLASY!<\/p>\n<p>Cena ok\u0142adkowa: 39,90 z\u0142<\/p>\n<p>Cena w Sklepie internetowym UAM: 31,95 z\u0142<\/p>\n","protected":false},"excerpt":{"rendered":"<p>Nagroda Wielkiego Kalibru i Nagroda Czytelnik\u00f3w Wielkiego Kalibru 2018! Wiosna roku 1919. Porucznik Antoni Fischer, weteran armii pruskiej i uczestnik Powstania Wielkopolskiego, wraca do Poznania. Oddelegowany z frontu powsta\u0144czego ma zaj\u0105\u0107 si\u0119 organizacj\u0105 i tworzeniem w mie\u015bcie polskiej policji. Ju\u017c w kilka godzin po przyje\u017adzie do miasta Fischer staje przed pierwszym w swojej karierze wyzwaniem &hellip;<\/p>\n","protected":false},"featured_media":2645,"template":"","meta":{"inline_featured_image":false},"_links":{"self":[{"href":"https:\/\/sklep.amu.edu.pl\/en\/wp-json\/wp\/v2\/product\/2644\/"}],"collection":[{"href":"https:\/\/sklep.amu.edu.pl\/en\/wp-json\/wp\/v2\/product\/"}],"about":[{"href":"https:\/\/sklep.amu.edu.pl\/en\/wp-json\/wp\/v2\/types\/product\/"}],"wp:featuredmedia":[{"embeddable":true,"href":"https:\/\/sklep.amu.edu.pl\/en\/wp-json\/wp\/v2\/media\/2645\/"}],"wp:attachment":[{"href":"https:\/\/sklep.amu.edu.pl\/en\/wp-json\/wp\/v2\/media\/?parent=2644"}],"curies":[{"name":"wp","href":"https:\/\/api.w.org\/{rel}","templated":true}]}}