{"id":10955,"date":"2026-01-22T14:24:31","date_gmt":"2026-01-22T13:24:31","guid":{"rendered":"https:\/\/sklep.amu.edu.pl\/?post_type=product&#038;p=10955"},"modified":"2026-04-15T23:23:41","modified_gmt":"2026-04-15T21:23:41","slug":"magnes-z-logo-uam","status":"publish","type":"product","link":"https:\/\/sklep.amu.edu.pl\/en\/produkt\/magnes-z-logo-uam\/","title":{"rendered":"Magnes z logo UAM"},"content":{"rendered":"<p>Magnes UAM \u2013 bo lod\u00f3wka te\u017c mo\u017ce studiowa\u0107<br \/>\nNotatki? Listy zakup\u00f3w? Zdj\u0119cia z juwenali\u00f3w? Ten magnes ogarnie wszystko \ud83d\udcaa<br \/>\nZ motywem UAM wygl\u0105da tak dobrze, \u017ce nawet pusta lod\u00f3wka nabiera akademickiego presti\u017cu \ud83d\ude0e\ud83c\udf93<br \/>\nIdealny dla student\u00f3w, absolwent\u00f3w i wszystkich, kt\u00f3rzy chc\u0105 mie\u0107 UAM zawsze na oku (albo przynajmniej na drzwiach od lod\u00f3wki).<br \/>\nMa\u0142y gad\u017cet, wielki uniwersytet.<br \/>\n\u015awietny pomys\u0142 na prezent, dodatek do paczki powitalnej, gad\u017cet konferencyjny lub pami\u0105tk\u0119 z wizyty na uczelni.<\/p>\n","protected":false},"excerpt":{"rendered":"<p>Magnes UAM \u2013 bo lod\u00f3wka te\u017c mo\u017ce studiowa\u0107 Notatki? Listy zakup\u00f3w? Zdj\u0119cia z juwenali\u00f3w? Ten magnes ogarnie wszystko \ud83d\udcaa Z motywem UAM wygl\u0105da tak dobrze, \u017ce nawet pusta lod\u00f3wka nabiera akademickiego presti\u017cu \ud83d\ude0e\ud83c\udf93 Idealny dla student\u00f3w, absolwent\u00f3w i wszystkich, kt\u00f3rzy chc\u0105 mie\u0107 UAM zawsze na oku (albo przynajmniej na drzwiach od lod\u00f3wki). Ma\u0142y gad\u017cet, wielki &hellip;<\/p>\n","protected":false},"featured_media":10960,"template":"","meta":{"inline_featured_image":false},"_links":{"self":[{"href":"https:\/\/sklep.amu.edu.pl\/en\/wp-json\/wp\/v2\/product\/10955\/"}],"collection":[{"href":"https:\/\/sklep.amu.edu.pl\/en\/wp-json\/wp\/v2\/product\/"}],"about":[{"href":"https:\/\/sklep.amu.edu.pl\/en\/wp-json\/wp\/v2\/types\/product\/"}],"wp:featuredmedia":[{"embeddable":true,"href":"https:\/\/sklep.amu.edu.pl\/en\/wp-json\/wp\/v2\/media\/10960\/"}],"wp:attachment":[{"href":"https:\/\/sklep.amu.edu.pl\/en\/wp-json\/wp\/v2\/media\/?parent=10955"}],"curies":[{"name":"wp","href":"https:\/\/api.w.org\/{rel}","templated":true}]}}