{"id":10795,"date":"2025-12-03T14:43:04","date_gmt":"2025-12-03T13:43:04","guid":{"rendered":"https:\/\/sklep.amu.edu.pl\/?post_type=product&#038;p=10795"},"modified":"2026-03-13T14:07:10","modified_gmt":"2026-03-13T13:07:10","slug":"notes-a6-ornamenta","status":"publish","type":"product","link":"https:\/\/sklep.amu.edu.pl\/en\/produkt\/notes-a6-ornamenta\/","title":{"rendered":"Notes A6 Ornamenta"},"content":{"rendered":"<p>Notes ma\u0142y A6 w kratk\u0119 z kropek z logotypem UAM, w nowej kolekcji rektorskiej Ornamenta. Ok\u0142adka laminowana foli\u0105 po\u0142ysk. <\/p>\n","protected":false},"excerpt":{"rendered":"<p>Notes A6<\/p>\n","protected":false},"featured_media":10786,"template":"","meta":{"inline_featured_image":false},"_links":{"self":[{"href":"https:\/\/sklep.amu.edu.pl\/en\/wp-json\/wp\/v2\/product\/10795\/"}],"collection":[{"href":"https:\/\/sklep.amu.edu.pl\/en\/wp-json\/wp\/v2\/product\/"}],"about":[{"href":"https:\/\/sklep.amu.edu.pl\/en\/wp-json\/wp\/v2\/types\/product\/"}],"wp:featuredmedia":[{"embeddable":true,"href":"https:\/\/sklep.amu.edu.pl\/en\/wp-json\/wp\/v2\/media\/10786\/"}],"wp:attachment":[{"href":"https:\/\/sklep.amu.edu.pl\/en\/wp-json\/wp\/v2\/media\/?parent=10795"}],"curies":[{"name":"wp","href":"https:\/\/api.w.org\/{rel}","templated":true}]}}