{"id":10785,"date":"2025-12-03T14:38:23","date_gmt":"2025-12-03T13:38:23","guid":{"rendered":"https:\/\/sklep.amu.edu.pl\/?post_type=product&#038;p=10785"},"modified":"2026-02-04T09:06:28","modified_gmt":"2026-02-04T08:06:28","slug":"notes-a4-ornamenta","status":"publish","type":"product","link":"https:\/\/sklep.amu.edu.pl\/en\/produkt\/notes-a4-ornamenta\/","title":{"rendered":"Notes A4 Ornamenta"},"content":{"rendered":"<p>Notes du\u017cy A4 w kratk\u0119 z kropek z logotypem UAM, w nowej kolekcji rektorskiej Ornamenta. Ok\u0142adka laminowana foli\u0105 po\u0142ysk. <\/p>\n","protected":false},"excerpt":{"rendered":"<p>Notes du\u017cy A4<\/p>\n","protected":false},"featured_media":10786,"template":"","meta":{"inline_featured_image":false},"_links":{"self":[{"href":"https:\/\/sklep.amu.edu.pl\/en\/wp-json\/wp\/v2\/product\/10785\/"}],"collection":[{"href":"https:\/\/sklep.amu.edu.pl\/en\/wp-json\/wp\/v2\/product\/"}],"about":[{"href":"https:\/\/sklep.amu.edu.pl\/en\/wp-json\/wp\/v2\/types\/product\/"}],"wp:featuredmedia":[{"embeddable":true,"href":"https:\/\/sklep.amu.edu.pl\/en\/wp-json\/wp\/v2\/media\/10786\/"}],"wp:attachment":[{"href":"https:\/\/sklep.amu.edu.pl\/en\/wp-json\/wp\/v2\/media\/?parent=10785"}],"curies":[{"name":"wp","href":"https:\/\/api.w.org\/{rel}","templated":true}]}}