{"id":10778,"date":"2025-12-03T14:35:25","date_gmt":"2025-12-03T13:35:25","guid":{"rendered":"https:\/\/sklep.amu.edu.pl\/?post_type=product&#038;p=10778"},"modified":"2026-02-27T21:27:03","modified_gmt":"2026-02-27T20:27:03","slug":"10778","status":"publish","type":"product","link":"https:\/\/sklep.amu.edu.pl\/en\/produkt\/10778\/","title":{"rendered":"Notes A6 Academica"},"content":{"rendered":"<p>Notes ma\u0142y A6 w kratk\u0119 z kropek z logotypem UAM, w nowej kolekcji rektorskiej Academica. Ok\u0142adka laminowana foli\u0105 po\u0142ysk. <\/p>\n","protected":false},"excerpt":{"rendered":"<p>Notes ma\u0142y A6<\/p>\n","protected":false},"featured_media":10779,"template":"","meta":{"inline_featured_image":false},"_links":{"self":[{"href":"https:\/\/sklep.amu.edu.pl\/en\/wp-json\/wp\/v2\/product\/10778\/"}],"collection":[{"href":"https:\/\/sklep.amu.edu.pl\/en\/wp-json\/wp\/v2\/product\/"}],"about":[{"href":"https:\/\/sklep.amu.edu.pl\/en\/wp-json\/wp\/v2\/types\/product\/"}],"wp:featuredmedia":[{"embeddable":true,"href":"https:\/\/sklep.amu.edu.pl\/en\/wp-json\/wp\/v2\/media\/10779\/"}],"wp:attachment":[{"href":"https:\/\/sklep.amu.edu.pl\/en\/wp-json\/wp\/v2\/media\/?parent=10778"}],"curies":[{"name":"wp","href":"https:\/\/api.w.org\/{rel}","templated":true}]}}