{"id":10773,"date":"2025-12-03T14:32:32","date_gmt":"2025-12-03T13:32:32","guid":{"rendered":"https:\/\/sklep.amu.edu.pl\/?post_type=product&#038;p=10773"},"modified":"2026-04-15T23:23:41","modified_gmt":"2026-04-15T21:23:41","slug":"notes-a5-academica","status":"publish","type":"product","link":"https:\/\/sklep.amu.edu.pl\/en\/produkt\/notes-a5-academica\/","title":{"rendered":"Notes A5 Academica"},"content":{"rendered":"<p>Notes A5 w kratk\u0119 z kropek z logotypem UAM, w nowej kolekcji rektorskiej Academica. Ok\u0142adka laminowana foli\u0105 po\u0142ysk. <\/p>\n","protected":false},"excerpt":{"rendered":"<p>Notes A5 <\/p>\n","protected":false},"featured_media":10774,"template":"","meta":{"inline_featured_image":false},"_links":{"self":[{"href":"https:\/\/sklep.amu.edu.pl\/en\/wp-json\/wp\/v2\/product\/10773\/"}],"collection":[{"href":"https:\/\/sklep.amu.edu.pl\/en\/wp-json\/wp\/v2\/product\/"}],"about":[{"href":"https:\/\/sklep.amu.edu.pl\/en\/wp-json\/wp\/v2\/types\/product\/"}],"wp:featuredmedia":[{"embeddable":true,"href":"https:\/\/sklep.amu.edu.pl\/en\/wp-json\/wp\/v2\/media\/10774\/"}],"wp:attachment":[{"href":"https:\/\/sklep.amu.edu.pl\/en\/wp-json\/wp\/v2\/media\/?parent=10773"}],"curies":[{"name":"wp","href":"https:\/\/api.w.org\/{rel}","templated":true}]}}