{"id":10766,"date":"2025-12-03T14:28:58","date_gmt":"2025-12-03T13:28:58","guid":{"rendered":"https:\/\/sklep.amu.edu.pl\/?post_type=product&#038;p=10766"},"modified":"2026-01-16T09:41:46","modified_gmt":"2026-01-16T08:41:46","slug":"notes-a4-academica","status":"publish","type":"product","link":"https:\/\/sklep.amu.edu.pl\/en\/produkt\/notes-a4-academica\/","title":{"rendered":"Notes A4 Academica"},"content":{"rendered":"<p>Notes du\u017cy A4 w kratk\u0119 z kropek z logotypem UAM, w nowej kolekcji rektorskiej Academica. Ok\u0142adka laminowana foli\u0105 po\u0142ysk. <\/p>\n","protected":false},"excerpt":{"rendered":"<p>Notes du\u017cy A4 w kratk\u0119 z kropek z logotypem UAM, w nowej kolekcji rektorskiej Academica. Ok\u0142adka laminowana foli\u0105 po\u0142ysk.<\/p>\n","protected":false},"featured_media":10769,"template":"","meta":{"inline_featured_image":false},"_links":{"self":[{"href":"https:\/\/sklep.amu.edu.pl\/en\/wp-json\/wp\/v2\/product\/10766\/"}],"collection":[{"href":"https:\/\/sklep.amu.edu.pl\/en\/wp-json\/wp\/v2\/product\/"}],"about":[{"href":"https:\/\/sklep.amu.edu.pl\/en\/wp-json\/wp\/v2\/types\/product\/"}],"wp:featuredmedia":[{"embeddable":true,"href":"https:\/\/sklep.amu.edu.pl\/en\/wp-json\/wp\/v2\/media\/10769\/"}],"wp:attachment":[{"href":"https:\/\/sklep.amu.edu.pl\/en\/wp-json\/wp\/v2\/media\/?parent=10766"}],"curies":[{"name":"wp","href":"https:\/\/api.w.org\/{rel}","templated":true}]}}