{"id":10042,"date":"2025-10-13T14:42:30","date_gmt":"2025-10-13T12:42:30","guid":{"rendered":"https:\/\/sklep.amu.edu.pl\/?post_type=product&#038;p=10042"},"modified":"2026-03-13T14:07:10","modified_gmt":"2026-03-13T13:07:10","slug":"zakladka-do-ksiazek-botanicum","status":"publish","type":"product","link":"https:\/\/sklep.amu.edu.pl\/en\/produkt\/zakladka-do-ksiazek-botanicum\/","title":{"rendered":"Zak\u0142adka do ksi\u0105\u017cek Botanicum"},"content":{"rendered":"<p>Zak\u0142adka do ksi\u0105\u017cek papierowa z nowej linii Rektorskiej Botanicum.<br \/>\nKreda mat 450g, Folia Soft Touch dwustronna, format 180 x 50 mm, Dwustronnie kolorowe, lakier wypuk\u0142y UV 3D dwustronnie <\/p>\n","protected":false},"excerpt":{"rendered":"<p>Zak\u0142adka do ksi\u0105\u017cek papierowa z nowej linii Rektorskiej Botanicum. Kreda mat 450g, Folia Soft Touch dwustronna, format 180 x 50 mm, Dwustronnie kolorowe, lakier wypuk\u0142y UV 3D dwustronnie<\/p>\n","protected":false},"featured_media":10008,"template":"","meta":{"inline_featured_image":false},"_links":{"self":[{"href":"https:\/\/sklep.amu.edu.pl\/en\/wp-json\/wp\/v2\/product\/10042\/"}],"collection":[{"href":"https:\/\/sklep.amu.edu.pl\/en\/wp-json\/wp\/v2\/product\/"}],"about":[{"href":"https:\/\/sklep.amu.edu.pl\/en\/wp-json\/wp\/v2\/types\/product\/"}],"wp:featuredmedia":[{"embeddable":true,"href":"https:\/\/sklep.amu.edu.pl\/en\/wp-json\/wp\/v2\/media\/10008\/"}],"wp:attachment":[{"href":"https:\/\/sklep.amu.edu.pl\/en\/wp-json\/wp\/v2\/media\/?parent=10042"}],"curies":[{"name":"wp","href":"https:\/\/api.w.org\/{rel}","templated":true}]}}