{"id":10033,"date":"2025-10-13T14:32:52","date_gmt":"2025-10-13T12:32:52","guid":{"rendered":"https:\/\/sklep.amu.edu.pl\/?post_type=product&#038;p=10033"},"modified":"2026-03-13T14:07:10","modified_gmt":"2026-03-13T13:07:10","slug":"zakladka-do-ksiazek-ornamenta","status":"publish","type":"product","link":"https:\/\/sklep.amu.edu.pl\/en\/produkt\/zakladka-do-ksiazek-ornamenta\/","title":{"rendered":"Zak\u0142adka do ksi\u0105\u017cek Ornamenta"},"content":{"rendered":"<p>Zak\u0142adka do ksi\u0105\u017cek papierowa z nowej linii Rektorskiej Ornamenta.<br \/>\nKreda mat 450g, Folia Soft Touch dwustronna, format 180 x 50 mm, Dwustronnie kolorowe, silver.<\/p>\n","protected":false},"excerpt":{"rendered":"<p>Zak\u0142adka do ksi\u0105\u017cek papierowa z nowej linii Rektorskiej Ornamenta. Kreda mat 450g, Folia Soft Touch dwustronna, format 180 x 50 mm, Dwustronnie kolorowe, silver.<\/p>\n","protected":false},"featured_media":10012,"template":"","meta":{"inline_featured_image":false},"_links":{"self":[{"href":"https:\/\/sklep.amu.edu.pl\/en\/wp-json\/wp\/v2\/product\/10033\/"}],"collection":[{"href":"https:\/\/sklep.amu.edu.pl\/en\/wp-json\/wp\/v2\/product\/"}],"about":[{"href":"https:\/\/sklep.amu.edu.pl\/en\/wp-json\/wp\/v2\/types\/product\/"}],"wp:featuredmedia":[{"embeddable":true,"href":"https:\/\/sklep.amu.edu.pl\/en\/wp-json\/wp\/v2\/media\/10012\/"}],"wp:attachment":[{"href":"https:\/\/sklep.amu.edu.pl\/en\/wp-json\/wp\/v2\/media\/?parent=10033"}],"curies":[{"name":"wp","href":"https:\/\/api.w.org\/{rel}","templated":true}]}}