{"id":10032,"date":"2025-10-13T14:22:45","date_gmt":"2025-10-13T12:22:45","guid":{"rendered":"https:\/\/sklep.amu.edu.pl\/?post_type=product&#038;p=10032"},"modified":"2025-10-22T21:38:29","modified_gmt":"2025-10-22T19:38:29","slug":"zakladki-do-ksiazek-ornamenta","status":"publish","type":"product","link":"https:\/\/sklep.amu.edu.pl\/en\/produkt\/zakladki-do-ksiazek-ornamenta\/","title":{"rendered":"Zak\u0142adki do ksi\u0105\u017cek Ornamenta"},"content":{"rendered":"<p>Zak\u0142adki do ksi\u0105\u017cek z nowej linii Rektorskiej Ornamenta<br \/>\nKreda mat 450g, Folia Soft Touch dwustronna, 180 x 50 mm, Dwustronnie kolorowe, lakier wypuk\u0142y UV 3D dwustronnie, <\/p>\n","protected":false},"excerpt":{"rendered":"<p>Zak\u0142adki do ksi\u0105\u017cek z nowej linii Rektorskiej Ornamenta Kreda mat 450g, Folia Soft Touch dwustronna, 180 x 50 mm, Dwustronnie kolorowe, lakier wypuk\u0142y UV 3D dwustronnie,<\/p>\n","protected":false},"featured_media":10000,"template":"","meta":{"inline_featured_image":false},"_links":{"self":[{"href":"https:\/\/sklep.amu.edu.pl\/en\/wp-json\/wp\/v2\/product\/10032\/"}],"collection":[{"href":"https:\/\/sklep.amu.edu.pl\/en\/wp-json\/wp\/v2\/product\/"}],"about":[{"href":"https:\/\/sklep.amu.edu.pl\/en\/wp-json\/wp\/v2\/types\/product\/"}],"wp:featuredmedia":[{"embeddable":true,"href":"https:\/\/sklep.amu.edu.pl\/en\/wp-json\/wp\/v2\/media\/10000\/"}],"wp:attachment":[{"href":"https:\/\/sklep.amu.edu.pl\/en\/wp-json\/wp\/v2\/media\/?parent=10032"}],"curies":[{"name":"wp","href":"https:\/\/api.w.org\/{rel}","templated":true}]}}